{"id":1611,"date":"2021-05-13T20:05:05","date_gmt":"2021-05-13T18:05:05","guid":{"rendered":"https:\/\/lesfunambules.fr\/?page_id=1611"},"modified":"2024-10-25T12:05:38","modified_gmt":"2024-10-25T10:05:38","slug":"ay-carmela-pour-aller-plus-loin-la-guerre-despagne","status":"publish","type":"page","link":"https:\/\/lesfunambules.fr\/index.php\/ay-carmela-pour-aller-plus-loin-la-guerre-despagne\/","title":{"rendered":"Ay Carmela &#8211; Pour aller plus loin&#8230; La guerre d&rsquo;Espagne"},"content":{"rendered":"\t\t<div data-elementor-type=\"wp-page\" data-elementor-id=\"1611\" class=\"elementor elementor-1611\">\n\t\t\t\t\t\t\t\t\t<section class=\"elementor-section elementor-top-section elementor-element elementor-element-8abc6e2 elementor-section-boxed elementor-section-height-default elementor-section-height-default\" data-id=\"8abc6e2\" data-element_type=\"section\">\n\t\t\t\t\t\t<div class=\"elementor-container elementor-column-gap-default\">\n\t\t\t\t\t<div class=\"elementor-column elementor-col-100 elementor-top-column elementor-element elementor-element-5549ad0\" data-id=\"5549ad0\" data-element_type=\"column\">\n\t\t\t<div class=\"elementor-widget-wrap elementor-element-populated\">\n\t\t\t\t\t\t\t\t<div class=\"elementor-element elementor-element-901ad59 elementor-widget elementor-widget-spacer\" data-id=\"901ad59\" data-element_type=\"widget\" data-widget_type=\"spacer.default\">\n\t\t\t\t<div class=\"elementor-widget-container\">\n\t\t\t\t\t<div class=\"elementor-spacer\">\n\t\t\t<div class=\"elementor-spacer-inner\"><\/div>\n\t\t<\/div>\n\t\t\t\t<\/div>\n\t\t\t\t<\/div>\n\t\t\t\t<div class=\"elementor-element elementor-element-b0ba84a elementor-icon-list--layout-inline elementor-align-right animated-slow elementor-list-item-link-full_width elementor-invisible elementor-widget elementor-widget-icon-list\" data-id=\"b0ba84a\" data-element_type=\"widget\" data-settings=\"{&quot;_animation&quot;:&quot;fadeIn&quot;}\" data-widget_type=\"icon-list.default\">\n\t\t\t\t<div class=\"elementor-widget-container\">\n\t\t\t\t\t<ul class=\"elementor-icon-list-items elementor-inline-items\">\n\t\t\t\t\t\t\t<li class=\"elementor-icon-list-item elementor-inline-item\">\n\t\t\t\t\t\t\t\t\t\t\t<a href=\"https:\/\/lesfunambules.fr\/index.php\/accueil-2\/\">\n\n\t\t\t\t\t\t\t\t\t\t\t<span class=\"elementor-icon-list-text\">Accueil<\/span>\n\t\t\t\t\t\t\t\t\t\t\t<\/a>\n\t\t\t\t\t\t\t\t\t<\/li>\n\t\t\t\t\t\t\t\t<li class=\"elementor-icon-list-item elementor-inline-item\">\n\t\t\t\t\t\t\t\t\t\t\t<a href=\"https:\/\/lesfunambules.fr\/index.php\/ay-carmela-photos\/\">\n\n\t\t\t\t\t\t\t\t\t\t\t<span class=\"elementor-icon-list-text\">Photos<\/span>\n\t\t\t\t\t\t\t\t\t\t\t<\/a>\n\t\t\t\t\t\t\t\t\t<\/li>\n\t\t\t\t\t\t\t\t<li class=\"elementor-icon-list-item elementor-inline-item\">\n\t\t\t\t\t\t\t\t\t\t\t<a href=\"https:\/\/lesfunambules.fr\/index.php\/ay-carmela-videos\/\">\n\n\t\t\t\t\t\t\t\t\t\t\t<span class=\"elementor-icon-list-text\">Vid\u00e9os<\/span>\n\t\t\t\t\t\t\t\t\t\t\t<\/a>\n\t\t\t\t\t\t\t\t\t<\/li>\n\t\t\t\t\t\t\t\t<li class=\"elementor-icon-list-item elementor-inline-item\">\n\t\t\t\t\t\t\t\t\t\t\t<a href=\"https:\/\/lesfunambules.fr\/index.php\/ay-carmela-pour-aller-plus-loin\/\">\n\n\t\t\t\t\t\t\t\t\t\t\t<span class=\"elementor-icon-list-text\">Aller plus loin<\/span>\n\t\t\t\t\t\t\t\t\t\t\t<\/a>\n\t\t\t\t\t\t\t\t\t<\/li>\n\t\t\t\t\t\t\t\t<li class=\"elementor-icon-list-item elementor-inline-item\">\n\t\t\t\t\t\t\t\t\t\t\t<a href=\"https:\/\/lesfunambules.fr\/index.php\/ay-carmela-acces-pro\/\">\n\n\t\t\t\t\t\t\t\t\t\t\t<span class=\"elementor-icon-list-text\">Acc\u00e8s pro<\/span>\n\t\t\t\t\t\t\t\t\t\t\t<\/a>\n\t\t\t\t\t\t\t\t\t<\/li>\n\t\t\t\t\t\t\t\t<li class=\"elementor-icon-list-item elementor-inline-item\">\n\t\t\t\t\t\t\t\t\t\t\t<a href=\"https:\/\/lesfunambules.fr\/index.php\/les-funambules-contact\/\">\n\n\t\t\t\t\t\t\t\t\t\t\t<span class=\"elementor-icon-list-text\">Contact<\/span>\n\t\t\t\t\t\t\t\t\t\t\t<\/a>\n\t\t\t\t\t\t\t\t\t<\/li>\n\t\t\t\t\t\t<\/ul>\n\t\t\t\t<\/div>\n\t\t\t\t<\/div>\n\t\t\t\t\t<\/div>\n\t\t<\/div>\n\t\t\t\t\t\t\t<\/div>\n\t\t<\/section>\n\t\t\t\t<section class=\"elementor-section elementor-top-section elementor-element elementor-element-7bed7f7 elementor-section-boxed elementor-section-height-default elementor-section-height-default\" data-id=\"7bed7f7\" data-element_type=\"section\">\n\t\t\t\t\t\t<div class=\"elementor-container elementor-column-gap-default\">\n\t\t\t\t\t<div class=\"elementor-column elementor-col-100 elementor-top-column elementor-element elementor-element-ca5c5c0\" data-id=\"ca5c5c0\" data-element_type=\"column\">\n\t\t\t<div class=\"elementor-widget-wrap elementor-element-populated\">\n\t\t\t\t\t\t\t\t<div class=\"elementor-element elementor-element-a41a16b elementor-widget-divider--view-line_text animated-slow elementor-widget-divider--element-align-center elementor-invisible elementor-widget elementor-widget-divider\" data-id=\"a41a16b\" data-element_type=\"widget\" data-settings=\"{&quot;_animation&quot;:&quot;fadeIn&quot;}\" data-widget_type=\"divider.default\">\n\t\t\t\t<div class=\"elementor-widget-container\">\n\t\t\t\t\t<div class=\"elementor-divider\">\n\t\t\t<span class=\"elementor-divider-separator\">\n\t\t\t\t\t\t<\/span>\n\t\t<\/div>\n\t\t\t\t<\/div>\n\t\t\t\t<\/div>\n\t\t\t\t<div class=\"elementor-element elementor-element-b6af599 animated-slow elementor-invisible elementor-widget elementor-widget-heading\" data-id=\"b6af599\" data-element_type=\"widget\" data-settings=\"{&quot;_animation&quot;:&quot;fadeIn&quot;}\" data-widget_type=\"heading.default\">\n\t\t\t\t<div class=\"elementor-widget-container\">\n\t\t\t<h2 class=\"elementor-heading-title elementor-size-default\">La guerre d'Espagne<\/h2>\t\t<\/div>\n\t\t\t\t<\/div>\n\t\t\t\t\t<\/div>\n\t\t<\/div>\n\t\t\t\t\t\t\t<\/div>\n\t\t<\/section>\n\t\t\t\t<section class=\"elementor-section elementor-top-section elementor-element elementor-element-4b673bc elementor-section-boxed elementor-section-height-default elementor-section-height-default\" data-id=\"4b673bc\" data-element_type=\"section\">\n\t\t\t\t\t\t<div class=\"elementor-container elementor-column-gap-default\">\n\t\t\t\t\t<div class=\"elementor-column elementor-col-100 elementor-top-column elementor-element elementor-element-cd4ceec\" data-id=\"cd4ceec\" data-element_type=\"column\">\n\t\t\t<div class=\"elementor-widget-wrap elementor-element-populated\">\n\t\t\t\t\t\t\t\t<div class=\"elementor-element elementor-element-604479b animated-slow elementor-invisible elementor-widget elementor-widget-text-editor\" data-id=\"604479b\" data-element_type=\"widget\" data-settings=\"{&quot;_animation&quot;:&quot;fadeIn&quot;}\" data-widget_type=\"text-editor.default\">\n\t\t\t\t<div class=\"elementor-widget-container\">\n\t\t\t\t\t\t\t<p>La guerre d&rsquo;Espagne (\u00e9galement d\u00e9sign\u00e9e \u00ab\u00a0guerre civile espagnole\u00a0\u00bb) est un&nbsp;conflit qui, de 1<time class=\"nowrap date-lien\" datetime=\"1936-07-17\" data-sort-value=\"1936-07-17\">936<\/time> \u00e0<time class=\"nowrap date-lien\" datetime=\"1939-04-01\" data-sort-value=\"1939-04-01\">&nbsp;1939<\/time>, opposa en&nbsp;Espagne, d&rsquo;une part le camp des&nbsp;r\u00e9publicains, orient\u00e9 \u00e0&nbsp;gauche&nbsp;et \u00e0 l&rsquo;extr\u00eame gauche, compos\u00e9 de loyalistes \u00e0 l&rsquo;\u00e9gard du gouvernement l\u00e9galement \u00e9tabli de la&nbsp;<abbr class=\"abbr\" title=\"Deuxi\u00e8me\">II<sup>e<\/sup><\/abbr>&nbsp;R\u00e9publique, de&nbsp;communistes, de&nbsp;l\u00e9ninistes&nbsp;et de r\u00e9volutionnaires&nbsp;anarchistes, et d&rsquo;autre part les&nbsp;nationalistes, les rebelles&nbsp;putschistes&nbsp;orient\u00e9s \u00e0&nbsp;droite&nbsp;et \u00e0 l&rsquo;extr\u00eame droite&nbsp;et men\u00e9s par le&nbsp;g\u00e9n\u00e9ral Franco.<\/p>\n<p>Cette guerre se termina par la victoire des nationalistes qui \u00e9tabliront une&nbsp;dictature&nbsp;connue sous le nom d&rsquo;\u00ab&nbsp;\u00c9tat espagnol&nbsp;\u00bb durant 36 ans, dirig\u00e9 par Franco portant le titre de&nbsp;<i>Caudillo<\/i>, jusqu&rsquo;\u00e0 la&nbsp;transition d\u00e9mocratique&nbsp;qui n&rsquo;intervint qu&rsquo;\u00e0 la suite de la mort de Franco le 20 novembre 1975.<\/p>\t\t\t\t\t\t<\/div>\n\t\t\t\t<\/div>\n\t\t\t\t<div class=\"elementor-element elementor-element-1cbb0fd animated-slow elementor-invisible elementor-widget elementor-widget-video\" data-id=\"1cbb0fd\" data-element_type=\"widget\" data-settings=\"{&quot;video_type&quot;:&quot;hosted&quot;,&quot;show_image_overlay&quot;:&quot;yes&quot;,&quot;image_overlay&quot;:{&quot;url&quot;:&quot;https:\\\/\\\/lesfunambules.fr\\\/wp-content\\\/uploads\\\/2021\\\/06\\\/la-tragedie-des-brigades-internationalesweb.jpg&quot;,&quot;id&quot;:1724,&quot;size&quot;:&quot;&quot;},&quot;_animation&quot;:&quot;fadeIn&quot;,&quot;controls&quot;:&quot;yes&quot;}\" data-widget_type=\"video.default\">\n\t\t\t\t<div class=\"elementor-widget-container\">\n\t\t\t\t\t<div class=\"e-hosted-video elementor-wrapper elementor-open-inline\">\n\t\t\t\t\t<video class=\"elementor-video\" src=\"https:\/\/lesfunambules.fr\/wp-content\/uploads\/2021\/05\/La-tragedie-des-brigades-internationales-P.Rotman.m4v\" controls=\"\" preload=\"metadata\" controlsList=\"nodownload\"><\/video>\n\t\t\t\t\t\t<div class=\"elementor-custom-embed-image-overlay\" style=\"background-image: url(https:\/\/lesfunambules.fr\/wp-content\/uploads\/2021\/06\/la-tragedie-des-brigades-internationalesweb-300x169.jpg);\">\n\t\t\t\t\t\t\t\t\t\t\t\t\t\t\t\t<div class=\"elementor-custom-embed-play\" role=\"button\" aria-label=\"Lire la vid\u00e9o\" tabindex=\"0\">\n\t\t\t\t\t\t\t<i aria-hidden=\"true\" class=\"eicon-play\"><\/i>\t\t\t\t\t\t\t<span class=\"elementor-screen-only\">Lire la vid\u00e9o<\/span>\n\t\t\t\t\t\t<\/div>\n\t\t\t\t\t\t\t\t\t<\/div>\n\t\t\t\t\t<\/div>\n\t\t\t\t<\/div>\n\t\t\t\t<\/div>\n\t\t\t\t<div class=\"elementor-element elementor-element-c5de1f7 animated-slow elementor-invisible elementor-widget elementor-widget-text-editor\" data-id=\"c5de1f7\" data-element_type=\"widget\" data-settings=\"{&quot;_animation&quot;:&quot;fadeIn&quot;}\" data-widget_type=\"text-editor.default\">\n\t\t\t\t<div class=\"elementor-widget-container\">\n\t\t\t\t\t\t\t<p class=\"western\" align=\"justify\"><span style=\"color: #ffffff;\"><span style=\"font-family: Ubuntu;\">\u00ab&nbsp;La question \u00ab&nbsp;Qu\u2019en est-il de l\u2019Espagne&nbsp;?&nbsp;\u00bb serait relativement simple si elle ne concernait que l\u2019Espagne. La trahison arm\u00e9e des officiers fut vaincue d\u00e8s la premi\u00e8re semaine gr\u00e2ce au soul\u00e8vement populaire. (\u2026) Mais du fait de l\u2019\u00e9chec \u00e9vident de Franco, Hitler et Mussolini vinrent \u00e0 son secours avec des armes, des officiers et finalement des troupes en nombre croissant. C\u2019est ainsi que la question se transforma en&nbsp;:&nbsp;\u00ab&nbsp;Qu\u2019en est-il de l\u2019Europe&nbsp;?&nbsp;\u00bb<br><\/span><\/span><span style=\"color: #ffffff;\"><span style=\"font-family: Ubuntu;\">(\u2026)<br><\/span><\/span><span style=\"color: #ffffff;\"><span style=\"font-family: Ubuntu;\">Le conflit espagnol a cess\u00e9 d\u2019\u00eatre une guerre civile. Il est devenu une invasion arm\u00e9e par les puissances fascistes europ\u00e9ennes contre le peuple espagnol. (\u2026) Contre de telles forces, le peuple espagnol lutte pour son ind\u00e9pendance nationale et pour la libert\u00e9 du monde. Il s\u2019agit d\u2019un peuple pauvre, partiellement alphab\u00e9tis\u00e9, mal arm\u00e9 et sans exp\u00e9rience de la guerre. Mais ils savent ce qu\u2019est la libert\u00e9, et ont bien l\u2019intention de la conserver. Ils savent aussi qu\u2019ils sont en premi\u00e8re ligne contre les forces obscures qui menacent d\u2019engloutir toute l\u2019Europe. \u00ab&nbsp;Mieux vaut mourir debout que vivre \u00e0 genoux&nbsp;\u00bb, s\u2019\u00e9cria Dolores Ibarruri. Ses paroles r\u00e9sonnent dans toute l\u2019Espagne.<br><\/span><\/span><span style=\"color: #ffffff;\"><span style=\"font-family: Ubuntu;\">(\u2026)<br><\/span><\/span><span style=\"color: #ffffff;\"><span style=\"font-family: Ubuntu;\">Une seule question fut soulev\u00e9e au sujet des enjeux d\u2019une bataille : \u00ab Peut-on battre Franco assez t\u00f4t pour emp\u00eacher une guerre europ\u00e9enne? \u00bb C\u2019est la vraie question. \u00ab S\u2019il n\u2019y avait pas eu d\u2019aide \u00e9trang\u00e8re, nous les aurions battus en juillet dernier. L\u2019Espagne aurait alors \u00e9t\u00e9 en paix et n\u2019aurait pas \u00e9t\u00e9 une source de guerre pour l\u2019Europe. Si nous avions \u00e9t\u00e9 autoris\u00e9s par les pays d\u00e9mocratiques \u00e0 nous armer lorsque les fascistes ont arm\u00e9 les rebelles, nous les aurions battus \u00e0 No\u00ebl. \u00bb (\u2026) Mais les gouvernement des d\u00e9mocraties capitalistes esp\u00e8rent se prot\u00e9ger du tourbillon fasciste en imaginant qu\u2019ils pourront l\u2019acheter ou le calmer. Une peur confuse r\u00e8gne dans l\u2019esprit de millions de gens, tandis qu\u2019ils se pr\u00e9cipitent \u00e0 signer des pactes de non-intervention pour se tenir \u00e0 l\u2019\u00e9cart du conflit espagnol. (\u2026) Et dans les coulisses, les forces r\u00e9actionnaires qui savent tr\u00e8s bien que \u00ab se tenir \u00e0 l\u2019\u00e9cart de l\u2019Espagne \u00bb signifie aider ses envahisseurs, exploitent cyniquement la panique des peuples, les remettant aux mains des fascistes qui pr\u00e9parent le terrain pour une guerre mondiale.<br><\/span><\/span><span style=\"color: #ffffff;\"><span style=\"font-family: Ubuntu;\">(\u2026)<br><\/span><\/span><span style=\"color: #ffffff;\"><span style=\"font-family: Ubuntu;\">Une conqu\u00eate germano-italienne de l\u2019Espagne mettrait en danger tout \u00e0 la fois l\u2019empire fran\u00e7ais et britannique. Mais cette conqu\u00eate serait moins dangereuse pour la conservation du pouvoir des capitalistes britanniques sur les travailleurs britanniques que ne le serait une victoire du Front Populaire. Les int\u00e9r\u00eats de classe s\u2019av\u00e8rent donc primordiaux.<br><\/span><\/span><span style=\"color: #ffffff;\"><span style=\"font-family: Ubuntu;\">(\u2026)<br><\/span><\/span><span style=\"color: #ffffff;\"><span style=\"font-family: Ubuntu;\">J\u2019en reviens donc aux paroles que Marcelino Domingo m\u2019a dites il y a six mois \u00e0 Paris et que je me rem\u00e9more chaque mois depuis : <\/span><\/span><span style=\"color: #ffffff;\"><span style=\"font-family: Ubuntu;\">\u00ab&nbsp;L\u2019Espagne est le front d\u2019une ligne de bataille qui traverse toutes les fronti\u00e8res dans tous les pays d\u00e9mocratiques. Si les forces d\u00e9mocratiques espagnoles devaient \u00eatre an\u00e9anties, ce n\u2019est pas seulement l\u2019Espagne qui sera d\u00e9truite, mais la d\u00e9mocratie universelle qui subira un coup s\u00e9v\u00e8re. Alors, les pays d\u00e9mocratiques du monde seront confront\u00e9s \u00e0 une guerre dont ils auront d\u00e9j\u00e0 perdu la premi\u00e8re bataille.&nbsp;\u00bb<br><\/span><\/span><span style=\"color: #ffffff;\"><span style=\"font-family: Ubuntu;\"><br>Anna Louise Strong, \u00ab&nbsp;L\u2019Espagne en armes&nbsp;\u00bb, 1937.<\/span><\/span><\/p>\t\t\t\t\t\t<\/div>\n\t\t\t\t<\/div>\n\t\t\t\t<div class=\"elementor-element elementor-element-1cb7399 animated-slow elementor-invisible elementor-widget elementor-widget-image\" data-id=\"1cb7399\" data-element_type=\"widget\" data-settings=\"{&quot;_animation&quot;:&quot;fadeIn&quot;}\" data-widget_type=\"image.default\">\n\t\t\t\t<div class=\"elementor-widget-container\">\n\t\t\t\t\t\t\t\t\t\t\t\t\t\t\t<img loading=\"lazy\" decoding=\"async\" width=\"600\" height=\"217\" src=\"https:\/\/lesfunambules.fr\/wp-content\/uploads\/2020\/03\/ILL14A00_068.jpg\" class=\"attachment-large size-large wp-image-604\" alt=\"\" srcset=\"https:\/\/lesfunambules.fr\/wp-content\/uploads\/2020\/03\/ILL14A00_068.jpg 600w, https:\/\/lesfunambules.fr\/wp-content\/uploads\/2020\/03\/ILL14A00_068-300x109.jpg 300w\" sizes=\"auto, (max-width: 600px) 100vw, 600px\" \/>\t\t\t\t\t\t\t\t\t\t\t\t\t\t\t<\/div>\n\t\t\t\t<\/div>\n\t\t\t\t\t<\/div>\n\t\t<\/div>\n\t\t\t\t\t\t\t<\/div>\n\t\t<\/section>\n\t\t\t\t<section class=\"elementor-section elementor-top-section elementor-element elementor-element-b702bea elementor-section-boxed elementor-section-height-default elementor-section-height-default\" data-id=\"b702bea\" data-element_type=\"section\">\n\t\t\t\t\t\t<div class=\"elementor-container elementor-column-gap-default\">\n\t\t\t\t\t<div class=\"elementor-column elementor-col-100 elementor-top-column elementor-element elementor-element-2af274d\" data-id=\"2af274d\" data-element_type=\"column\">\n\t\t\t<div class=\"elementor-widget-wrap elementor-element-populated\">\n\t\t\t\t\t\t\t\t<div class=\"elementor-element elementor-element-0f30808 elementor-widget-divider--view-line_text animated-slow elementor-widget-divider--element-align-center elementor-invisible elementor-widget elementor-widget-divider\" data-id=\"0f30808\" data-element_type=\"widget\" data-settings=\"{&quot;_animation&quot;:&quot;fadeIn&quot;}\" data-widget_type=\"divider.default\">\n\t\t\t\t<div class=\"elementor-widget-container\">\n\t\t\t\t\t<div class=\"elementor-divider\">\n\t\t\t<span class=\"elementor-divider-separator\">\n\t\t\t\t\t\t<\/span>\n\t\t<\/div>\n\t\t\t\t<\/div>\n\t\t\t\t<\/div>\n\t\t\t\t<div class=\"elementor-element elementor-element-dd24d0f animated-slow elementor-invisible elementor-widget elementor-widget-text-editor\" data-id=\"dd24d0f\" data-element_type=\"widget\" data-settings=\"{&quot;_animation&quot;:&quot;fadeIn&quot;}\" data-widget_type=\"text-editor.default\">\n\t\t\t\t<div class=\"elementor-widget-container\">\n\t\t\t\t\t\t\t<p class=\"western\" align=\"center\"><span style=\"color: #ffffff;\"><span style=\"font-family: Ubuntu;\"><span style=\"font-size: large;\">No<b> Pasaran &#8211;\u00a0<\/b><\/span><\/span><\/span><b style=\"font-family: Ubuntu; font-style: inherit;\"><span style=\"font-size: large;\">Dolores Ibarruri (La Pasionaria) &#8211; 19 juillet 1936<br \/><\/span><\/b>&#8211; Appel effectu\u00e9 du balcon du minist\u00e8re de l&rsquo;int\u00e9rieur \u00e0 Madrid &#8211;<\/p><p class=\"western\"><span style=\"color: #ffffff;\"><span style=\"font-family: Ubuntu;\">Ouvriers !<br \/>Paysans ! <br \/>Antifascistes ! <br \/>Espagnols patriotes ! <br \/>Face au soul\u00e8vement militaire fasciste, tous debout ! <br \/>D\u00e9fendons la R\u00e9publique ! <br \/>D\u00e9fendons les libert\u00e9s populaires et les conqu\u00eates d\u00e9mocratiques du peuple ! <br \/>Par les communiqu\u00e9s du gouvernement et du Front populaire, le peuple conna\u00eet la gravit\u00e9 du moment actuel. <br \/>Au Maroc et aux Canaries, les travailleurs sont en lutte aux c\u00f4t\u00e9s des forces rest\u00e9es fid\u00e8les \u00e0 la R\u00e9publique, contre les militaires et les fascistes insurg\u00e9s. <br \/>Au cri de : \u00a0\u00bb Le fascisme ne passera pas, les bourreaux d&rsquo;octobre ne passeront pas !\u00a0\u00bb&#8230; <br \/>les ouvriers et les paysans de diverses provinces d&rsquo;Espagne s&rsquo;incorporent \u00e0 la lutte contre les ennemis de la R\u00e9publique. Les communistes, les socialistes et les anarchistes, les r\u00e9publicains d\u00e9mocrates, les soldats et les forces demeur\u00e9es loyales \u00e0 la R\u00e9publique ont inflig\u00e9 les premi\u00e8res d\u00e9faites aux factieux qui tra\u00eenent dans la boue de la trahison l&rsquo;honneur militaire dont ils se glorifiaient tant. <br \/>Tout le pays vibre d&rsquo;indignation devant ces mis\u00e9rables qui veulent plonger l&rsquo;Espagne d\u00e9mocratique et populaire dans un enfer de terreur et de mort. <br \/>Mais ils ne passeront pas ! <br \/>L&rsquo;Espagne enti\u00e8re s&rsquo;appr\u00eate au combat. <br \/>A Madrid, le peuple est dans la rue, soutenant le gouvernement et le stimulant avec son \u00e9nergie et son esprit de lutte, pour que les militaires et les fascistes insurg\u00e9s soient totalement \u00e9cras\u00e9s. <br \/>Jeunes, pr\u00e9parez-vous au combat ! <br \/>Femmes, h\u00e9ro\u00efques femmes du peuple ! <br \/>Souvenez-vous de l&rsquo;h\u00e9ro\u00efsme des femmes des Asturies en 1934. <br \/>Luttez vous aussi aux c\u00f4t\u00e9s des hommes pour d\u00e9fendre la vie et la libert\u00e9 de vos enfants que le fascisme menace ! <br \/>Soldats, fils du peuple ! <br \/>Restez fid\u00e8les au gouvernement et \u00e0 la R\u00e9publique, luttez aux c\u00f4t\u00e9s des travailleurs, aux c\u00f4t\u00e9s des forces du Front populaire, aux c\u00f4t\u00e9s de vos parents, de vos fr\u00e8res et de vos camarades ! <br \/>Luttez pour l&rsquo;Espagne du 16 f\u00e9vrier, luttez pour la R\u00e9publique, aidez-les \u00e0 vaincre ! <br \/>Travailleurs de toutes tendances ! <br \/>Le gouvernement met entre vos mains des armes pour sauver l&rsquo;Espagne et le peuple de l&rsquo;horreur et de la honte que repr\u00e9senterait la victoire des bourreaux d&rsquo;octobre couverts de sang. Que nul n&rsquo;h\u00e9site ! Soyez tous pr\u00eats pour l&rsquo;action ! <br \/>Chaque ouvrier, chaque antifasciste doit se consid\u00e9rer comme un soldat en armes. <br \/>Peuples de Catalogne, du Pays basque et de Galice ! <br \/>Espagnols de partout ! <br \/>D\u00e9fendons la R\u00e9publique d\u00e9mocratique, consolidons la victoire obtenue par le peuple le 16 f\u00e9vrier. <br \/>Le Parti communiste vous appelle au combat. <br \/>Il appelle tout sp\u00e9cialement les ouvriers, les paysans, les intellectuels \u00e0 occuper un poste de combat pour \u00e9craser d\u00e9finitivement les ennemis de la R\u00e9publique et des libert\u00e9s populaires. <br \/>Vive le Front populaire ! <br \/>Vive l&rsquo;union de tous les antifascistes ! <br \/>Vive la R\u00e9publique du peuple ! <br \/>Les fascistes ne passeront pas ! <br \/>Ils ne passeront pas !<br \/>No pasaran ! <\/span><\/span><\/p>\t\t\t\t\t\t<\/div>\n\t\t\t\t<\/div>\n\t\t\t\t<div class=\"elementor-element elementor-element-64767b5 animated-slow elementor-invisible elementor-widget elementor-widget-video\" data-id=\"64767b5\" data-element_type=\"widget\" data-settings=\"{&quot;video_type&quot;:&quot;hosted&quot;,&quot;show_image_overlay&quot;:&quot;yes&quot;,&quot;_animation&quot;:&quot;fadeIn&quot;,&quot;image_overlay&quot;:{&quot;url&quot;:&quot;https:\\\/\\\/lesfunambules.fr\\\/wp-content\\\/uploads\\\/2021\\\/06\\\/dolores-ibarruri.jpg&quot;,&quot;id&quot;:1759,&quot;size&quot;:&quot;&quot;},&quot;controls&quot;:&quot;yes&quot;}\" data-widget_type=\"video.default\">\n\t\t\t\t<div class=\"elementor-widget-container\">\n\t\t\t\t\t<div class=\"e-hosted-video elementor-wrapper elementor-open-inline\">\n\t\t\t\t\t<video class=\"elementor-video\" src=\"https:\/\/lesfunambules.fr\/wp-content\/uploads\/2021\/06\/No-pasaran.-Dolores-Ibarruri-2017.m4v\" controls=\"\" preload=\"metadata\" controlsList=\"nodownload\" poster=\"https:\/\/lesfunambules.fr\/wp-content\/uploads\/2021\/06\/dolores-ibarruri.jpg\"><\/video>\n\t\t\t\t\t\t<div class=\"elementor-custom-embed-image-overlay\" style=\"background-image: url(https:\/\/lesfunambules.fr\/wp-content\/uploads\/2021\/06\/dolores-ibarruri.jpg);\">\n\t\t\t\t\t\t\t\t\t\t\t\t\t\t\t\t<div class=\"elementor-custom-embed-play\" role=\"button\" aria-label=\"Lire la vid\u00e9o\" tabindex=\"0\">\n\t\t\t\t\t\t\t<i aria-hidden=\"true\" class=\"eicon-play\"><\/i>\t\t\t\t\t\t\t<span class=\"elementor-screen-only\">Lire la vid\u00e9o<\/span>\n\t\t\t\t\t\t<\/div>\n\t\t\t\t\t\t\t\t\t<\/div>\n\t\t\t\t\t<\/div>\n\t\t\t\t<\/div>\n\t\t\t\t<\/div>\n\t\t\t\t<div class=\"elementor-element elementor-element-3a4b222 elementor-widget-divider--view-line_text animated-slow elementor-widget-divider--element-align-center elementor-invisible elementor-widget elementor-widget-divider\" data-id=\"3a4b222\" data-element_type=\"widget\" data-settings=\"{&quot;_animation&quot;:&quot;fadeIn&quot;}\" data-widget_type=\"divider.default\">\n\t\t\t\t<div class=\"elementor-widget-container\">\n\t\t\t\t\t<div class=\"elementor-divider\">\n\t\t\t<span class=\"elementor-divider-separator\">\n\t\t\t\t\t\t<\/span>\n\t\t<\/div>\n\t\t\t\t<\/div>\n\t\t\t\t<\/div>\n\t\t\t\t<div class=\"elementor-element elementor-element-5493045 animated-slow elementor-invisible elementor-widget elementor-widget-image\" data-id=\"5493045\" data-element_type=\"widget\" data-settings=\"{&quot;_animation&quot;:&quot;fadeIn&quot;}\" data-widget_type=\"image.default\">\n\t\t\t\t<div class=\"elementor-widget-container\">\n\t\t\t\t\t\t\t\t\t\t\t\t\t\t\t\t<a href=\"https:\/\/lesfunambules.fr\/\">\n\t\t\t\t\t\t\t<img decoding=\"async\" src=\"https:\/\/lesfunambules.fr\/wp-content\/uploads\/elementor\/thumbs\/Funambules-logo-DEF-embleme-b-1-on51ycwh80wiwq10ynwfn85fg266yk09jakdgwlsz8.png\" title=\"Funambules-logo-DEF-embleme-b\" alt=\"Funambules-logo-DEF-embleme-b\" loading=\"lazy\" \/>\t\t\t\t\t\t\t\t<\/a>\n\t\t\t\t\t\t\t\t\t\t\t\t\t\t\t<\/div>\n\t\t\t\t<\/div>\n\t\t\t\t\t<\/div>\n\t\t<\/div>\n\t\t\t\t\t\t\t<\/div>\n\t\t<\/section>\n\t\t\t\t\t\t\t<\/div>\n\t\t","protected":false},"excerpt":{"rendered":"<p>Accueil Photos Vid\u00e9os Aller plus loin Acc\u00e8s pro Contact La guerre d&rsquo;Espagne La guerre d&rsquo;Espagne (\u00e9galement d\u00e9sign\u00e9e \u00ab\u00a0guerre civile espagnole\u00a0\u00bb) est un&nbsp;conflit qui, de 1936 \u00e0&nbsp;1939, opposa en&nbsp;Espagne, d&rsquo;une part le camp des&nbsp;r\u00e9publicains, orient\u00e9 \u00e0&nbsp;gauche&nbsp;et \u00e0 l&rsquo;extr\u00eame gauche, compos\u00e9 de loyalistes \u00e0 l&rsquo;\u00e9gard du gouvernement l\u00e9galement \u00e9tabli de la&nbsp;IIe&nbsp;R\u00e9publique, de&nbsp;communistes, de&nbsp;l\u00e9ninistes&nbsp;et de r\u00e9volutionnaires&nbsp;anarchistes, et d&rsquo;autre [&hellip;]<\/p>\n","protected":false},"author":1,"featured_media":0,"parent":0,"menu_order":0,"comment_status":"closed","ping_status":"closed","template":"elementor_canvas","meta":{"footnotes":""},"class_list":["post-1611","page","type-page","status-publish","hentry"],"_links":{"self":[{"href":"https:\/\/lesfunambules.fr\/index.php\/wp-json\/wp\/v2\/pages\/1611","targetHints":{"allow":["GET"]}}],"collection":[{"href":"https:\/\/lesfunambules.fr\/index.php\/wp-json\/wp\/v2\/pages"}],"about":[{"href":"https:\/\/lesfunambules.fr\/index.php\/wp-json\/wp\/v2\/types\/page"}],"author":[{"embeddable":true,"href":"https:\/\/lesfunambules.fr\/index.php\/wp-json\/wp\/v2\/users\/1"}],"replies":[{"embeddable":true,"href":"https:\/\/lesfunambules.fr\/index.php\/wp-json\/wp\/v2\/comments?post=1611"}],"version-history":[{"count":76,"href":"https:\/\/lesfunambules.fr\/index.php\/wp-json\/wp\/v2\/pages\/1611\/revisions"}],"predecessor-version":[{"id":3135,"href":"https:\/\/lesfunambules.fr\/index.php\/wp-json\/wp\/v2\/pages\/1611\/revisions\/3135"}],"wp:attachment":[{"href":"https:\/\/lesfunambules.fr\/index.php\/wp-json\/wp\/v2\/media?parent=1611"}],"curies":[{"name":"wp","href":"https:\/\/api.w.org\/{rel}","templated":true}]}}