{"id":2021,"date":"2021-08-06T14:12:06","date_gmt":"2021-08-06T12:12:06","guid":{"rendered":"https:\/\/lesfunambules.fr\/?page_id=2021"},"modified":"2024-10-25T11:56:25","modified_gmt":"2024-10-25T09:56:25","slug":"lavenir-est-a-la-campagne-9-juillet-2022","status":"publish","type":"page","link":"https:\/\/lesfunambules.fr\/index.php\/lavenir-est-a-la-campagne-9-juillet-2022\/","title":{"rendered":"\u00ab\u00a0L&rsquo;avenir est \u00e0 la campagne\u00a0\u00bb &#8211; 9 juillet 2022 \u00e0 St Michel de Vax"},"content":{"rendered":"\t\t<div data-elementor-type=\"wp-page\" data-elementor-id=\"2021\" class=\"elementor elementor-2021\">\n\t\t\t\t\t\t\t\t\t<section class=\"elementor-section elementor-top-section elementor-element elementor-element-5919601 elementor-section-boxed elementor-section-height-default elementor-section-height-default\" data-id=\"5919601\" data-element_type=\"section\">\n\t\t\t\t\t\t<div class=\"elementor-container elementor-column-gap-default\">\n\t\t\t\t\t<div class=\"elementor-column elementor-col-100 elementor-top-column elementor-element elementor-element-10dd3104\" data-id=\"10dd3104\" data-element_type=\"column\">\n\t\t\t<div class=\"elementor-widget-wrap elementor-element-populated\">\n\t\t\t\t\t\t\t\t<div class=\"elementor-element elementor-element-52528be elementor-widget elementor-widget-spacer\" data-id=\"52528be\" data-element_type=\"widget\" data-widget_type=\"spacer.default\">\n\t\t\t\t<div class=\"elementor-widget-container\">\n\t\t\t\t\t<div class=\"elementor-spacer\">\n\t\t\t<div class=\"elementor-spacer-inner\"><\/div>\n\t\t<\/div>\n\t\t\t\t<\/div>\n\t\t\t\t<\/div>\n\t\t\t\t<section class=\"elementor-section elementor-inner-section elementor-element elementor-element-1a49dd5 elementor-section-boxed elementor-section-height-default elementor-section-height-default\" data-id=\"1a49dd5\" data-element_type=\"section\">\n\t\t\t\t\t\t<div class=\"elementor-container elementor-column-gap-default\">\n\t\t\t\t\t<div class=\"elementor-column elementor-col-100 elementor-inner-column elementor-element elementor-element-2be6844\" data-id=\"2be6844\" data-element_type=\"column\">\n\t\t\t<div class=\"elementor-widget-wrap elementor-element-populated\">\n\t\t\t\t\t\t\t\t<div class=\"elementor-element elementor-element-f701ffe elementor-icon-list--layout-inline elementor-align-right animated-slow elementor-list-item-link-full_width elementor-invisible elementor-widget elementor-widget-icon-list\" data-id=\"f701ffe\" data-element_type=\"widget\" data-settings=\"{&quot;_animation&quot;:&quot;fadeIn&quot;}\" data-widget_type=\"icon-list.default\">\n\t\t\t\t<div class=\"elementor-widget-container\">\n\t\t\t\t\t<ul class=\"elementor-icon-list-items elementor-inline-items\">\n\t\t\t\t\t\t\t<li class=\"elementor-icon-list-item elementor-inline-item\">\n\t\t\t\t\t\t\t\t\t\t\t<a href=\"https:\/\/lesfunambules.fr\/\">\n\n\t\t\t\t\t\t\t\t\t\t\t<span class=\"elementor-icon-list-text\">Accueil<\/span>\n\t\t\t\t\t\t\t\t\t\t\t<\/a>\n\t\t\t\t\t\t\t\t\t<\/li>\n\t\t\t\t\t\t\t\t<li class=\"elementor-icon-list-item elementor-inline-item\">\n\t\t\t\t\t\t\t\t\t\t\t<a href=\"https:\/\/lesfunambules.fr\/index.php\/ay-carmela\/\">\n\n\t\t\t\t\t\t\t\t\t\t\t<span class=\"elementor-icon-list-text\">Ay Carmela !<\/span>\n\t\t\t\t\t\t\t\t\t\t\t<\/a>\n\t\t\t\t\t\t\t\t\t<\/li>\n\t\t\t\t\t\t\t\t<li class=\"elementor-icon-list-item elementor-inline-item\">\n\t\t\t\t\t\t\t\t\t\t\t<a href=\"https:\/\/lesfunambules.fr\/index.php\/lavenir-est-a-la-campagne\/\">\n\n\t\t\t\t\t\t\t\t\t\t\t<span class=\"elementor-icon-list-text\">L'avenir est \u00e0 la campagne<\/span>\n\t\t\t\t\t\t\t\t\t\t\t<\/a>\n\t\t\t\t\t\t\t\t\t<\/li>\n\t\t\t\t\t\t\t\t<li class=\"elementor-icon-list-item elementor-inline-item\">\n\t\t\t\t\t\t\t\t\t\t\t<a href=\"https:\/\/lesfunambules.fr\/index.php\/les-funambules-contact\/\">\n\n\t\t\t\t\t\t\t\t\t\t\t<span class=\"elementor-icon-list-text\">Contact<\/span>\n\t\t\t\t\t\t\t\t\t\t\t<\/a>\n\t\t\t\t\t\t\t\t\t<\/li>\n\t\t\t\t\t\t<\/ul>\n\t\t\t\t<\/div>\n\t\t\t\t<\/div>\n\t\t\t\t\t<\/div>\n\t\t<\/div>\n\t\t\t\t\t\t\t<\/div>\n\t\t<\/section>\n\t\t\t\t<div class=\"elementor-element elementor-element-4132ff1 elementor-widget-divider--view-line_text animated-slow elementor-widget-divider--element-align-center elementor-invisible elementor-widget elementor-widget-divider\" data-id=\"4132ff1\" data-element_type=\"widget\" data-settings=\"{&quot;_animation&quot;:&quot;fadeIn&quot;}\" data-widget_type=\"divider.default\">\n\t\t\t\t<div class=\"elementor-widget-container\">\n\t\t\t\t\t<div class=\"elementor-divider\">\n\t\t\t<span class=\"elementor-divider-separator\">\n\t\t\t\t\t\t<\/span>\n\t\t<\/div>\n\t\t\t\t<\/div>\n\t\t\t\t<\/div>\n\t\t\t\t\t<\/div>\n\t\t<\/div>\n\t\t\t\t\t\t\t<\/div>\n\t\t<\/section>\n\t\t\t\t<section class=\"elementor-section elementor-top-section elementor-element elementor-element-0a7b18c elementor-section-boxed elementor-section-height-default elementor-section-height-default\" data-id=\"0a7b18c\" data-element_type=\"section\">\n\t\t\t\t\t\t<div class=\"elementor-container elementor-column-gap-default\">\n\t\t\t\t\t<div class=\"elementor-column elementor-col-100 elementor-top-column elementor-element elementor-element-cefbbf7\" data-id=\"cefbbf7\" data-element_type=\"column\">\n\t\t\t<div class=\"elementor-widget-wrap elementor-element-populated\">\n\t\t\t\t\t\t\t\t<div class=\"elementor-element elementor-element-609ad05 elementor-align-center animated-slow elementor-invisible elementor-widget elementor-widget-button\" data-id=\"609ad05\" data-element_type=\"widget\" data-settings=\"{&quot;_animation&quot;:&quot;fadeIn&quot;}\" data-widget_type=\"button.default\">\n\t\t\t\t<div class=\"elementor-widget-container\">\n\t\t\t\t\t<div class=\"elementor-button-wrapper\">\n\t\t\t<a class=\"elementor-button elementor-button-link elementor-size-md\" href=\"http:\/\/galerie.dandymanchot.fr\/albums\/lavenir-est-a-la-campagne-1\/\" target=\"_blank\">\n\t\t\t\t\t\t<span class=\"elementor-button-content-wrapper\">\n\t\t\t\t\t\t<span class=\"elementor-button-icon elementor-align-icon-left\">\n\t\t\t\t<i aria-hidden=\"true\" class=\"far fa-file-pdf\"><\/i>\t\t\t<\/span>\n\t\t\t\t\t\t<span class=\"elementor-button-text\">Retrouvez les photos du 9 juillet sur la Galerie du Dandy Manchot<\/span>\n\t\t<\/span>\n\t\t\t\t\t<\/a>\n\t\t<\/div>\n\t\t\t\t<\/div>\n\t\t\t\t<\/div>\n\t\t\t\t<section class=\"elementor-section elementor-inner-section elementor-element elementor-element-91667c3 elementor-section-boxed elementor-section-height-default elementor-section-height-default\" data-id=\"91667c3\" data-element_type=\"section\">\n\t\t\t\t\t\t<div class=\"elementor-container elementor-column-gap-default\">\n\t\t\t\t\t<div class=\"elementor-column elementor-col-50 elementor-inner-column elementor-element elementor-element-35a144a\" data-id=\"35a144a\" data-element_type=\"column\">\n\t\t\t<div class=\"elementor-widget-wrap elementor-element-populated\">\n\t\t\t\t\t\t\t\t<div class=\"elementor-element elementor-element-8fbd696 animated-slow elementor-invisible elementor-widget elementor-widget-image\" data-id=\"8fbd696\" data-element_type=\"widget\" data-settings=\"{&quot;_animation&quot;:&quot;fadeIn&quot;}\" data-widget_type=\"image.default\">\n\t\t\t\t<div class=\"elementor-widget-container\">\n\t\t\t\t\t\t\t\t\t\t\t\t\t\t\t<img loading=\"lazy\" decoding=\"async\" width=\"728\" height=\"1024\" src=\"https:\/\/lesfunambules.fr\/wp-content\/uploads\/2022\/06\/lAvenir-est-a-la-Campagne-9-juillet-St-Michel-de-Vax-728x1024.jpg\" class=\"attachment-large size-large wp-image-2652\" alt=\"\" srcset=\"https:\/\/lesfunambules.fr\/wp-content\/uploads\/2022\/06\/lAvenir-est-a-la-Campagne-9-juillet-St-Michel-de-Vax-728x1024.jpg 728w, https:\/\/lesfunambules.fr\/wp-content\/uploads\/2022\/06\/lAvenir-est-a-la-Campagne-9-juillet-St-Michel-de-Vax-213x300.jpg 213w, https:\/\/lesfunambules.fr\/wp-content\/uploads\/2022\/06\/lAvenir-est-a-la-Campagne-9-juillet-St-Michel-de-Vax-768x1080.jpg 768w, https:\/\/lesfunambules.fr\/wp-content\/uploads\/2022\/06\/lAvenir-est-a-la-Campagne-9-juillet-St-Michel-de-Vax-1092x1536.jpg 1092w, https:\/\/lesfunambules.fr\/wp-content\/uploads\/2022\/06\/lAvenir-est-a-la-Campagne-9-juillet-St-Michel-de-Vax-1456x2048.jpg 1456w, https:\/\/lesfunambules.fr\/wp-content\/uploads\/2022\/06\/lAvenir-est-a-la-Campagne-9-juillet-St-Michel-de-Vax-scaled.jpg 1820w\" sizes=\"auto, (max-width: 728px) 100vw, 728px\" \/>\t\t\t\t\t\t\t\t\t\t\t\t\t\t\t<\/div>\n\t\t\t\t<\/div>\n\t\t\t\t\t<\/div>\n\t\t<\/div>\n\t\t\t\t<div class=\"elementor-column elementor-col-50 elementor-inner-column elementor-element elementor-element-b146b42\" data-id=\"b146b42\" data-element_type=\"column\">\n\t\t\t<div class=\"elementor-widget-wrap elementor-element-populated\">\n\t\t\t\t\t\t\t\t<div class=\"elementor-element elementor-element-04b8a63 animated-slow elementor-invisible elementor-widget elementor-widget-image\" data-id=\"04b8a63\" data-element_type=\"widget\" data-settings=\"{&quot;_animation&quot;:&quot;fadeIn&quot;}\" data-widget_type=\"image.default\">\n\t\t\t\t<div class=\"elementor-widget-container\">\n\t\t\t\t\t\t\t\t\t\t\t\t\t\t\t<img loading=\"lazy\" decoding=\"async\" width=\"728\" height=\"1024\" src=\"https:\/\/lesfunambules.fr\/wp-content\/uploads\/2022\/06\/FLYER-AEC-9-juillet-VERSO-728x1024.jpg\" class=\"attachment-large size-large wp-image-2653\" alt=\"\" srcset=\"https:\/\/lesfunambules.fr\/wp-content\/uploads\/2022\/06\/FLYER-AEC-9-juillet-VERSO-728x1024.jpg 728w, https:\/\/lesfunambules.fr\/wp-content\/uploads\/2022\/06\/FLYER-AEC-9-juillet-VERSO-213x300.jpg 213w, https:\/\/lesfunambules.fr\/wp-content\/uploads\/2022\/06\/FLYER-AEC-9-juillet-VERSO-768x1080.jpg 768w, https:\/\/lesfunambules.fr\/wp-content\/uploads\/2022\/06\/FLYER-AEC-9-juillet-VERSO-1092x1536.jpg 1092w, https:\/\/lesfunambules.fr\/wp-content\/uploads\/2022\/06\/FLYER-AEC-9-juillet-VERSO-1456x2048.jpg 1456w, https:\/\/lesfunambules.fr\/wp-content\/uploads\/2022\/06\/FLYER-AEC-9-juillet-VERSO-scaled.jpg 1820w\" sizes=\"auto, (max-width: 728px) 100vw, 728px\" \/>\t\t\t\t\t\t\t\t\t\t\t\t\t\t\t<\/div>\n\t\t\t\t<\/div>\n\t\t\t\t\t<\/div>\n\t\t<\/div>\n\t\t\t\t\t\t\t<\/div>\n\t\t<\/section>\n\t\t\t\t<div class=\"elementor-element elementor-element-b5456ac elementor-widget-divider--view-line_text animated-slow elementor-widget-divider--element-align-center elementor-invisible elementor-widget elementor-widget-divider\" data-id=\"b5456ac\" data-element_type=\"widget\" data-settings=\"{&quot;_animation&quot;:&quot;fadeIn&quot;}\" data-widget_type=\"divider.default\">\n\t\t\t\t<div class=\"elementor-widget-container\">\n\t\t\t\t\t<div class=\"elementor-divider\">\n\t\t\t<span class=\"elementor-divider-separator\">\n\t\t\t\t\t\t<\/span>\n\t\t<\/div>\n\t\t\t\t<\/div>\n\t\t\t\t<\/div>\n\t\t\t\t\t<\/div>\n\t\t<\/div>\n\t\t\t\t\t\t\t<\/div>\n\t\t<\/section>\n\t\t\t\t<section class=\"elementor-section elementor-top-section elementor-element elementor-element-e53e3e3 elementor-section-boxed elementor-section-height-default elementor-section-height-default\" data-id=\"e53e3e3\" data-element_type=\"section\">\n\t\t\t\t\t\t<div class=\"elementor-container elementor-column-gap-default\">\n\t\t\t\t\t<div class=\"elementor-column elementor-col-100 elementor-top-column elementor-element elementor-element-cf3392c\" data-id=\"cf3392c\" data-element_type=\"column\">\n\t\t\t<div class=\"elementor-widget-wrap elementor-element-populated\">\n\t\t\t\t\t\t\t\t<div class=\"elementor-element elementor-element-8d0ba1d animated-slow elementor-invisible elementor-widget elementor-widget-text-editor\" data-id=\"8d0ba1d\" data-element_type=\"widget\" data-settings=\"{&quot;_animation&quot;:&quot;fadeIn&quot;}\" data-widget_type=\"text-editor.default\">\n\t\t\t\t<div class=\"elementor-widget-container\">\n\t\t\t\t\t\t\t<p class=\"western\" align=\"center\"><span style=\"font-family: Lato;\"><b>Se retrouver<\/b><\/span><span style=\"font-family: Lato;\"> pour parler d\u2019avenir, <\/span><span style=\"font-family: Lato;\">au fil d\u2019une balade, au d\u00e9tour d\u2019une expo, devant un spectacle ou gr\u00e2ce \u00e0 un pas de danse\u2026 <\/span><span style=\"font-family: Lato;\">mais <\/span><span style=\"font-family: Lato;\"><b>se retrouver<\/b><\/span><span style=\"font-family: Lato;\">. <\/span><\/p><p class=\"western\" align=\"center\"><span style=\"font-family: Lato;\"><b>La journ\u00e9e du 9 juillet est la premi\u00e8re r\u00e9alisation publique de <\/b><\/span><span style=\"font-family: Lato;\"><i><b>l\u2019Avenir est \u00e0 la Campagne<\/b><\/i><\/span><span style=\"font-family: Lato;\"><b>.<br \/><\/b><\/span><span style=\"font-family: Lato;\"><span style=\"font-size: small;\">La dynamique se poursuivra jusqu\u2019\u00e0 l\u2019\u00e9t\u00e9 2023 et une repr\u00e9sentation lors du Festival de l\u2019Et\u00e9 de Vaour.<\/span><\/span><\/p><p class=\"western\" align=\"justify\"><span style=\"font-family: Lato;\">Le programme du 9 juillet\u00a0? C\u2019est par l\u00e0\u00a0:<\/span><\/p><ul><li class=\"western\"><span style=\"font-family: Lato;\"><i>15h30<\/i><\/span><span style=\"font-family: Lato;\"><b> Table ronde\u00a0: \u00ab\u00a0Quel avenir pour les campagnes\u00a0?\u00a0\u00bb &#8211; <\/b><\/span><span style=\"font-family: Lato;\"><span style=\"font-family: Lato;\">Discussion libre et ouverte \u00e0 toutes et tous.<br \/><br \/><\/span><\/span><\/li><li class=\"western\"><span style=\"font-family: Lato;\"><i>17h30 <\/i><\/span><span style=\"font-family: Lato;\"><b> Balade artistico-photographique <\/b><\/span><span style=\"font-family: Lato;\">avec<\/span><span style=\"font-family: Lato;\"><i> Le Dandy Manchot <\/i><\/span><span style=\"font-family: Lato;\">et<\/span><span style=\"font-family: Lato;\"><i> La Talvera <\/i><\/span><span style=\"font-family: Lato;\">OU<\/span><i><b> <\/b><\/i><span style=\"font-family: Lato;\"><b>Ecoute collective d\u2019un \u00e9pisode du podcast <\/b><\/span><span style=\"font-family: Lato;\"><i>Femmes Paysannes<\/i><\/span><b> <\/b><span style=\"font-family: Lato;\"><span style=\"font-family: Lato;\">en pr\u00e9sence de la r\u00e9alisatrice Claire Kachkouch Soussi.<br \/><br \/><\/span><\/span><\/li><li class=\"western\"><span style=\"font-family: Lato;\"><i>19h30<\/i><\/span><b> <\/b><span style=\"font-family: Lato;\">Un verre dans une main, une assiette dans l\u2019autre, l\u2019oreille sauvageonne et un \u0153il dans l\u2019\u00e9glise, le d\u00e9but de soir\u00e9e est multiforme :<br \/><\/span><ul><li style=\"list-style-type: none;\"><ul><li class=\"western\"><span style=\"font-family: Lato;\"><b> Ap\u00e9ro-Concert avec <\/b><\/span><span style=\"font-family: Lato;\"><i><b>Salvatjonas<\/b><\/i><\/span><span style=\"font-family: Lato;\">, duo vocal et percussif de musique occitane. <\/span><\/li><li class=\"western\"><span style=\"font-family: Lato;\"><b>Espace Photo <\/b><\/span><span style=\"font-family: Lato;\"><i><b>12 cor(p)s<\/b><\/i><\/span><span style=\"font-family: Lato;\">\u00a0: venez vous faire tirer le portrait\u00a0!<\/span><\/li><li class=\"western\"><span style=\"font-family: Lato;\"><b>Trois expositions dans l\u2019\u00e9glise de St Michel de Vax\u00a0:<\/b><\/span><ul><li style=\"list-style-type: none;\"><ul><li style=\"list-style-type: none;\"><ul><li class=\"western\"><span style=\"font-family: Lato;\"><i><b> 12 cor(ps),<\/b><\/i><\/span><b> <\/b><span style=\"font-family: Lato;\">une galerie de douze portraits de gens d\u2019ici, entre nature et culture<\/span><\/li><li class=\"western\"><b> <\/b><span style=\"font-family: Lato;\"><i><b>Les Vieux M\u00e9tiers,<\/b><\/i><\/span><b> <\/b><span style=\"font-family: Lato;\">un regard d\u00e9cal\u00e9 et po\u00e9tique sur l\u2019\u00e9volution de certaines activit\u00e9s rurales<\/span><\/li><li class=\"western\"><b> <\/b><span style=\"font-family: Lato;\"><i><b>Les cr\u00e9ations de G\u00e9rard,<\/b><\/i><\/span><b> <\/b><span style=\"font-family: Lato;\"><span style=\"font-family: Lato;\">artiste d\u2019art brut \u00e0 Cazals<br \/><br \/><\/span><\/span><\/li><\/ul><\/li><\/ul><\/li><\/ul><\/li><\/ul><\/li><\/ul><\/li><li class=\"western\"><span style=\"font-family: Lato;\"><i>21h<\/i><\/span><span style=\"font-family: Lato;\"><b> La photo des gens pr\u00e9sents<\/b><\/span><span style=\"font-family: Lato;\"> : une photo collective pour affirmer notre lien <\/span><span style=\"font-family: Lato;\"><span style=\"font-family: Lato;\">\u00e0 la communaut\u00e9 et la richesse de la diversit\u00e9.<br \/><br \/><\/span><\/span><\/li><li class=\"western\"><span style=\"font-family: Lato;\"><i>21h30<\/i><\/span><b> <\/b><span style=\"font-family: Lato;\"><i><b>Maridatge\u00a0!<\/b><\/i><\/span><span style=\"font-family: Lato;\"><b> &#8211; Spectacle \u00e0 partager\u2026 <\/b><\/span><span style=\"font-family: Lato;\"><span style=\"font-family: Lato;\">Une cr\u00e9ation collective men\u00e9e avec des gens d\u2019ici autour de la campagne\u00a0: son pass\u00e9, son pr\u00e9sent\u2026 et surtout son avenir.<br \/><br \/><\/span><\/span><\/li><li class=\"western\"><span style=\"font-family: Lato;\"><i>23h<\/i><\/span><span style=\"font-family: Lato;\"><b> Grand bal-concert de <\/b><\/span><span style=\"font-family: Lato;\"><i><b>La Talvera.<\/b><\/i><\/span><span style=\"font-family: Lato;\"> Comment finir la journ\u00e9e autrement qu\u2019en dansant, ensemble\u00a0? Rien de mieux qu\u2019un bon bal trad pour cela\u00a0! Occitane, mais toujours dans une ouverture sur le monde, la musique de <\/span><strong><span style=\"font-family: Lato;\"><i>La Talvera<\/i><\/span><\/strong><span style=\"font-family: Lato;\"> prend ses racines dans la tradition mais cr\u00e9e des liens avec le monde contemporain en jetant des ponts, d\u2019une g\u00e9n\u00e9ration \u00e0 l\u2019autre, d\u2019un continent \u00e0 l\u2019autre, d\u2019un temps \u00e0 un autre. Aujourd\u2019hui <\/span><strong><span style=\"font-family: Lato;\"><i>La Talvera<\/i><\/span><\/strong><span style=\"font-family: Lato;\"> est un groupe, certes, de musique occitane, mais \u00e9galement inclassable et bigarr\u00e9, enrichi de ses multiples rencontres et voyages\u2026<\/span><i> <\/i><span style=\"color: #000080;\"><span lang=\"zxx\"><u><a href=\"https:\/\/talvera.org\/\"><span style=\"font-family: Lato;\"><span style=\"font-size: small;\"><i>talvera.org<\/i><\/span><\/span><\/a><\/u><\/span><\/span><\/li><\/ul><p align=\"justify\"><b>Parce que l\u2019avenir est \u00e0 la campagne, le 9 juillet c\u2019est \u00e0 St Michel de Vax que \u00e7a se passe !<\/b><\/p><p class=\"western\" align=\"justify\"><span style=\"font-family: Lato;\">Toutes les propositions de la journ\u00e9e sont gratuites et sans r\u00e9servation, avec une participation libre bienvenue. <br \/><\/span><span style=\"font-family: Lato;\"><span style=\"font-size: small;\"><i>Attention\u00a0: pas de distributeur de billets \u00e0 St Michel de Vax.<\/i><\/span><\/span><\/p><p class=\"western\" align=\"justify\"><span style=\"font-family: Lato;\">Retrouvez <\/span><span style=\"font-family: Lato;\"><i><b>l\u2019Avenir est \u00e0 la Campagne, le podcast<\/b><\/i><\/span><span style=\"font-family: Lato;\"> sur toutes les plateformes de diffusion <\/span><span style=\"font-family: Lato;\"><span style=\"font-size: small;\"><i>et en cliquant sur <\/i><\/span><\/span><span style=\"color: #000080;\"><span lang=\"zxx\"><u><a href=\"https:\/\/podcast.ausha.co\/l-avenir-est-a-la-campagne\"><span style=\"font-family: Lato;\"><span style=\"font-size: small;\"><i>ce lien<\/i><\/span><\/span><\/a><\/u><\/span><\/span><span style=\"font-family: Lato;\"><span style=\"font-size: small;\"><i>.<\/i><\/span><\/span><\/p><p class=\"western\" align=\"center\"><span style=\"font-family: Lato;\"><span style=\"font-size: large;\"><i><b>\u00ab\u00a0Parce qu\u2019elle contient en germe les exp\u00e9riences humaines pass\u00e9es, <br \/><\/b><\/i><\/span><\/span><span style=\"font-family: Lato;\"><span style=\"font-size: large;\"><i><b>parce qu\u2019elle est un laboratoire et parce qu\u2019elle est le refuge de l\u2019ultime naturel, <br \/><\/b><\/i><\/span><\/span><span style=\"font-family: Lato;\"><span style=\"font-size: large;\"><i><b>la campagne autorise l\u2019utopie.\u00a0\u00bb<\/b><\/i><\/span><\/span><i> <\/i><span style=\"font-family: Lato;\"><span style=\"font-size: small;\">Bernard Farinelli<\/span><\/span><\/p>\t\t\t\t\t\t<\/div>\n\t\t\t\t<\/div>\n\t\t\t\t<div class=\"elementor-element elementor-element-7a0d3ee animated-slow elementor-invisible elementor-widget elementor-widget-image\" data-id=\"7a0d3ee\" data-element_type=\"widget\" data-settings=\"{&quot;_animation&quot;:&quot;fadeIn&quot;}\" data-widget_type=\"image.default\">\n\t\t\t\t<div class=\"elementor-widget-container\">\n\t\t\t\t\t\t\t\t\t\t\t\t\t\t\t<img loading=\"lazy\" decoding=\"async\" width=\"812\" height=\"425\" src=\"https:\/\/lesfunambules.fr\/wp-content\/uploads\/2022\/06\/9-juillet-St-Michel-FB2-1024x536.jpg\" class=\"attachment-large size-large wp-image-2648\" alt=\"\" srcset=\"https:\/\/lesfunambules.fr\/wp-content\/uploads\/2022\/06\/9-juillet-St-Michel-FB2-1024x536.jpg 1024w, https:\/\/lesfunambules.fr\/wp-content\/uploads\/2022\/06\/9-juillet-St-Michel-FB2-300x157.jpg 300w, https:\/\/lesfunambules.fr\/wp-content\/uploads\/2022\/06\/9-juillet-St-Michel-FB2-768x402.jpg 768w, https:\/\/lesfunambules.fr\/wp-content\/uploads\/2022\/06\/9-juillet-St-Michel-FB2.jpg 1200w\" sizes=\"auto, (max-width: 812px) 100vw, 812px\" \/>\t\t\t\t\t\t\t\t\t\t\t\t\t\t\t<\/div>\n\t\t\t\t<\/div>\n\t\t\t\t<div class=\"elementor-element elementor-element-e773f08 elementor-align-center animated-slow elementor-invisible elementor-widget elementor-widget-button\" data-id=\"e773f08\" data-element_type=\"widget\" data-settings=\"{&quot;_animation&quot;:&quot;fadeIn&quot;}\" data-widget_type=\"button.default\">\n\t\t\t\t<div class=\"elementor-widget-container\">\n\t\t\t\t\t<div class=\"elementor-button-wrapper\">\n\t\t\t<a class=\"elementor-button elementor-button-link elementor-size-md\" href=\"https:\/\/lesfunambules.fr\/wp-content\/uploads\/2022\/06\/Communique-de-presse-AvCamp-9-juillet.pdf\" target=\"_blank\">\n\t\t\t\t\t\t<span class=\"elementor-button-content-wrapper\">\n\t\t\t\t\t\t<span class=\"elementor-button-icon elementor-align-icon-left\">\n\t\t\t\t<i aria-hidden=\"true\" class=\"far fa-file-pdf\"><\/i>\t\t\t<\/span>\n\t\t\t\t\t\t<span class=\"elementor-button-text\">Communiqu\u00e9 de presse 9 juillet 2022<\/span>\n\t\t<\/span>\n\t\t\t\t\t<\/a>\n\t\t<\/div>\n\t\t\t\t<\/div>\n\t\t\t\t<\/div>\n\t\t\t\t<div class=\"elementor-element elementor-element-fedf004 elementor-widget-divider--view-line_text animated-slow elementor-widget-divider--element-align-center elementor-invisible elementor-widget elementor-widget-divider\" data-id=\"fedf004\" data-element_type=\"widget\" data-settings=\"{&quot;_animation&quot;:&quot;fadeIn&quot;}\" data-widget_type=\"divider.default\">\n\t\t\t\t<div class=\"elementor-widget-container\">\n\t\t\t\t\t<div class=\"elementor-divider\">\n\t\t\t<span class=\"elementor-divider-separator\">\n\t\t\t\t\t\t<\/span>\n\t\t<\/div>\n\t\t\t\t<\/div>\n\t\t\t\t<\/div>\n\t\t\t\t<div class=\"elementor-element elementor-element-acadef8 animated-slow elementor-invisible elementor-widget elementor-widget-image\" data-id=\"acadef8\" data-element_type=\"widget\" data-settings=\"{&quot;_animation&quot;:&quot;fadeIn&quot;}\" data-widget_type=\"image.default\">\n\t\t\t\t<div class=\"elementor-widget-container\">\n\t\t\t\t\t\t\t\t\t\t\t\t\t\t\t\t<a href=\"https:\/\/lesfunambules.fr\/\">\n\t\t\t\t\t\t\t<img decoding=\"async\" src=\"https:\/\/lesfunambules.fr\/wp-content\/uploads\/elementor\/thumbs\/Funambules-logo-DEF-embleme-b-1-on51ycwh80wiwq10ynwfn85fg266yk09jakdgwlsz8.png\" title=\"Funambules-logo-DEF-embleme-b\" alt=\"Funambules-logo-DEF-embleme-b\" loading=\"lazy\" \/>\t\t\t\t\t\t\t\t<\/a>\n\t\t\t\t\t\t\t\t\t\t\t\t\t\t\t<\/div>\n\t\t\t\t<\/div>\n\t\t\t\t\t<\/div>\n\t\t<\/div>\n\t\t\t\t\t\t\t<\/div>\n\t\t<\/section>\n\t\t\t\t\t\t\t<\/div>\n\t\t","protected":false},"excerpt":{"rendered":"<p>Accueil Ay Carmela ! L&rsquo;avenir est \u00e0 la campagne Contact Retrouvez les photos du 9 juillet sur la Galerie du Dandy Manchot Se retrouver pour parler d\u2019avenir, au fil d\u2019une balade, au d\u00e9tour d\u2019une expo, devant un spectacle ou gr\u00e2ce \u00e0 un pas de danse\u2026 mais se retrouver. La journ\u00e9e du 9 juillet est la [&hellip;]<\/p>\n","protected":false},"author":1,"featured_media":0,"parent":0,"menu_order":0,"comment_status":"closed","ping_status":"closed","template":"elementor_canvas","meta":{"footnotes":""},"class_list":["post-2021","page","type-page","status-publish","hentry"],"_links":{"self":[{"href":"https:\/\/lesfunambules.fr\/index.php\/wp-json\/wp\/v2\/pages\/2021","targetHints":{"allow":["GET"]}}],"collection":[{"href":"https:\/\/lesfunambules.fr\/index.php\/wp-json\/wp\/v2\/pages"}],"about":[{"href":"https:\/\/lesfunambules.fr\/index.php\/wp-json\/wp\/v2\/types\/page"}],"author":[{"embeddable":true,"href":"https:\/\/lesfunambules.fr\/index.php\/wp-json\/wp\/v2\/users\/1"}],"replies":[{"embeddable":true,"href":"https:\/\/lesfunambules.fr\/index.php\/wp-json\/wp\/v2\/comments?post=2021"}],"version-history":[{"count":69,"href":"https:\/\/lesfunambules.fr\/index.php\/wp-json\/wp\/v2\/pages\/2021\/revisions"}],"predecessor-version":[{"id":3101,"href":"https:\/\/lesfunambules.fr\/index.php\/wp-json\/wp\/v2\/pages\/2021\/revisions\/3101"}],"wp:attachment":[{"href":"https:\/\/lesfunambules.fr\/index.php\/wp-json\/wp\/v2\/media?parent=2021"}],"curies":[{"name":"wp","href":"https:\/\/api.w.org\/{rel}","templated":true}]}}