{"id":915,"date":"2020-12-27T19:19:58","date_gmt":"2020-12-27T18:19:58","guid":{"rendered":"https:\/\/lesfunambules.fr\/?page_id=915"},"modified":"2021-06-25T01:14:14","modified_gmt":"2021-06-24T23:14:14","slug":"le-temps-quil-passe","status":"publish","type":"page","link":"https:\/\/lesfunambules.fr\/index.php\/le-temps-quil-passe\/","title":{"rendered":"\u00ab\u00a0le temps quil passe&#8230;\u00a0\u00bb"},"content":{"rendered":"\t\t<div data-elementor-type=\"wp-page\" data-elementor-id=\"915\" class=\"elementor elementor-915\">\n\t\t\t\t\t\t\t\t\t<section class=\"elementor-section elementor-top-section elementor-element elementor-element-5919601 elementor-section-boxed elementor-section-height-default elementor-section-height-default\" data-id=\"5919601\" data-element_type=\"section\">\n\t\t\t\t\t\t<div class=\"elementor-container elementor-column-gap-default\">\n\t\t\t\t\t<div class=\"elementor-column elementor-col-100 elementor-top-column elementor-element elementor-element-10dd3104\" data-id=\"10dd3104\" data-element_type=\"column\">\n\t\t\t<div class=\"elementor-widget-wrap elementor-element-populated\">\n\t\t\t\t\t\t\t\t<div class=\"elementor-element elementor-element-52528be elementor-widget elementor-widget-spacer\" data-id=\"52528be\" data-element_type=\"widget\" data-widget_type=\"spacer.default\">\n\t\t\t\t<div class=\"elementor-widget-container\">\n\t\t\t\t\t<div class=\"elementor-spacer\">\n\t\t\t<div class=\"elementor-spacer-inner\"><\/div>\n\t\t<\/div>\n\t\t\t\t<\/div>\n\t\t\t\t<\/div>\n\t\t\t\t<section class=\"elementor-section elementor-inner-section elementor-element elementor-element-1a49dd5 elementor-section-boxed elementor-section-height-default elementor-section-height-default\" data-id=\"1a49dd5\" data-element_type=\"section\">\n\t\t\t\t\t\t<div class=\"elementor-container elementor-column-gap-default\">\n\t\t\t\t\t<div class=\"elementor-column elementor-col-100 elementor-inner-column elementor-element elementor-element-2be6844\" data-id=\"2be6844\" data-element_type=\"column\">\n\t\t\t<div class=\"elementor-widget-wrap elementor-element-populated\">\n\t\t\t\t\t\t\t\t<div class=\"elementor-element elementor-element-f701ffe elementor-icon-list--layout-inline elementor-align-right animated-slow elementor-list-item-link-full_width elementor-invisible elementor-widget elementor-widget-icon-list\" data-id=\"f701ffe\" data-element_type=\"widget\" data-settings=\"{&quot;_animation&quot;:&quot;fadeIn&quot;}\" data-widget_type=\"icon-list.default\">\n\t\t\t\t<div class=\"elementor-widget-container\">\n\t\t\t\t\t<ul class=\"elementor-icon-list-items elementor-inline-items\">\n\t\t\t\t\t\t\t<li class=\"elementor-icon-list-item elementor-inline-item\">\n\t\t\t\t\t\t\t\t\t\t\t<a href=\"https:\/\/lesfunambules.fr\/\">\n\n\t\t\t\t\t\t\t\t\t\t\t<span class=\"elementor-icon-list-text\">Accueil<\/span>\n\t\t\t\t\t\t\t\t\t\t\t<\/a>\n\t\t\t\t\t\t\t\t\t<\/li>\n\t\t\t\t\t\t\t\t<li class=\"elementor-icon-list-item elementor-inline-item\">\n\t\t\t\t\t\t\t\t\t\t\t<a href=\"https:\/\/lesfunambules.fr\/index.php\/ay-carmela\/\">\n\n\t\t\t\t\t\t\t\t\t\t\t<span class=\"elementor-icon-list-text\">Ay Carmela !<\/span>\n\t\t\t\t\t\t\t\t\t\t\t<\/a>\n\t\t\t\t\t\t\t\t\t<\/li>\n\t\t\t\t\t\t\t\t<li class=\"elementor-icon-list-item elementor-inline-item\">\n\t\t\t\t\t\t\t\t\t\t\t<a href=\"https:\/\/lesfunambules.fr\/index.php\/lavenir-est-a-la-campagne\/\">\n\n\t\t\t\t\t\t\t\t\t\t\t<span class=\"elementor-icon-list-text\">L'avenir est \u00e0 la campagne<\/span>\n\t\t\t\t\t\t\t\t\t\t\t<\/a>\n\t\t\t\t\t\t\t\t\t<\/li>\n\t\t\t\t\t\t\t\t<li class=\"elementor-icon-list-item elementor-inline-item\">\n\t\t\t\t\t\t\t\t\t\t\t<a href=\"https:\/\/lesfunambules.fr\/index.php\/les-funambules-contact\/\">\n\n\t\t\t\t\t\t\t\t\t\t\t<span class=\"elementor-icon-list-text\">Contact<\/span>\n\t\t\t\t\t\t\t\t\t\t\t<\/a>\n\t\t\t\t\t\t\t\t\t<\/li>\n\t\t\t\t\t\t\t\t<li class=\"elementor-icon-list-item elementor-inline-item\">\n\t\t\t\t\t\t\t\t\t\t\t<a href=\"https:\/\/www.facebook.com\/cielesfunambules\">\n\n\t\t\t\t\t\t\t\t\t\t\t\t<span class=\"elementor-icon-list-icon\">\n\t\t\t\t\t\t\t<i aria-hidden=\"true\" class=\"fab fa-facebook\"><\/i>\t\t\t\t\t\t<\/span>\n\t\t\t\t\t\t\t\t\t\t<span class=\"elementor-icon-list-text\"><\/span>\n\t\t\t\t\t\t\t\t\t\t\t<\/a>\n\t\t\t\t\t\t\t\t\t<\/li>\n\t\t\t\t\t\t\t\t<li class=\"elementor-icon-list-item elementor-inline-item\">\n\t\t\t\t\t\t\t\t\t\t\t<a href=\"https:\/\/www.instagram.com\/cielesfunambules\/\">\n\n\t\t\t\t\t\t\t\t\t\t\t\t<span class=\"elementor-icon-list-icon\">\n\t\t\t\t\t\t\t<i aria-hidden=\"true\" class=\"fab fa-instagram\"><\/i>\t\t\t\t\t\t<\/span>\n\t\t\t\t\t\t\t\t\t\t<span class=\"elementor-icon-list-text\"><\/span>\n\t\t\t\t\t\t\t\t\t\t\t<\/a>\n\t\t\t\t\t\t\t\t\t<\/li>\n\t\t\t\t\t\t<\/ul>\n\t\t\t\t<\/div>\n\t\t\t\t<\/div>\n\t\t\t\t\t<\/div>\n\t\t<\/div>\n\t\t\t\t\t\t\t<\/div>\n\t\t<\/section>\n\t\t\t\t<div class=\"elementor-element elementor-element-4132ff1 elementor-widget-divider--view-line_text animated-slow elementor-widget-divider--element-align-center elementor-invisible elementor-widget elementor-widget-divider\" data-id=\"4132ff1\" data-element_type=\"widget\" data-settings=\"{&quot;_animation&quot;:&quot;fadeIn&quot;}\" data-widget_type=\"divider.default\">\n\t\t\t\t<div class=\"elementor-widget-container\">\n\t\t\t\t\t<div class=\"elementor-divider\">\n\t\t\t<span class=\"elementor-divider-separator\">\n\t\t\t\t\t\t<\/span>\n\t\t<\/div>\n\t\t\t\t<\/div>\n\t\t\t\t<\/div>\n\t\t\t\t<div class=\"elementor-element elementor-element-544a62d animated-slow elementor-invisible elementor-widget elementor-widget-image\" data-id=\"544a62d\" data-element_type=\"widget\" data-settings=\"{&quot;_animation&quot;:&quot;fadeIn&quot;}\" data-widget_type=\"image.default\">\n\t\t\t\t<div class=\"elementor-widget-container\">\n\t\t\t\t\t\t\t\t\t\t\t\t\t\t\t<img loading=\"lazy\" decoding=\"async\" width=\"300\" height=\"62\" src=\"https:\/\/lesfunambules.fr\/wp-content\/uploads\/2020\/12\/Texte-le-temps-quil-passe-blanc-300x62.png\" class=\"attachment-medium size-medium wp-image-873\" alt=\"\" srcset=\"https:\/\/lesfunambules.fr\/wp-content\/uploads\/2020\/12\/Texte-le-temps-quil-passe-blanc-300x62.png 300w, https:\/\/lesfunambules.fr\/wp-content\/uploads\/2020\/12\/Texte-le-temps-quil-passe-blanc-1024x213.png 1024w, https:\/\/lesfunambules.fr\/wp-content\/uploads\/2020\/12\/Texte-le-temps-quil-passe-blanc-768x159.png 768w, https:\/\/lesfunambules.fr\/wp-content\/uploads\/2020\/12\/Texte-le-temps-quil-passe-blanc.png 1281w\" sizes=\"auto, (max-width: 300px) 100vw, 300px\" \/>\t\t\t\t\t\t\t\t\t\t\t\t\t\t\t<\/div>\n\t\t\t\t<\/div>\n\t\t\t\t<div class=\"elementor-element elementor-element-fd8bcd0 animated-slow elementor-invisible elementor-widget elementor-widget-heading\" data-id=\"fd8bcd0\" data-element_type=\"widget\" data-settings=\"{&quot;_animation&quot;:&quot;fadeInDown&quot;,&quot;_animation_delay&quot;:1000}\" data-widget_type=\"heading.default\">\n\t\t\t\t<div class=\"elementor-widget-container\">\n\t\t\t<h2 class=\"elementor-heading-title elementor-size-default\">...PROJET REPORT\u00c9...<\/h2>\t\t<\/div>\n\t\t\t\t<\/div>\n\t\t\t\t<div class=\"elementor-element elementor-element-575284b elementor-widget elementor-widget-spacer\" data-id=\"575284b\" data-element_type=\"widget\" data-widget_type=\"spacer.default\">\n\t\t\t\t<div class=\"elementor-widget-container\">\n\t\t\t\t\t<div class=\"elementor-spacer\">\n\t\t\t<div class=\"elementor-spacer-inner\"><\/div>\n\t\t<\/div>\n\t\t\t\t<\/div>\n\t\t\t\t<\/div>\n\t\t\t\t<section class=\"elementor-section elementor-inner-section elementor-element elementor-element-0032bea elementor-section-boxed elementor-section-height-default elementor-section-height-default\" data-id=\"0032bea\" data-element_type=\"section\">\n\t\t\t\t\t\t<div class=\"elementor-container elementor-column-gap-default\">\n\t\t\t\t\t<div class=\"elementor-column elementor-col-50 elementor-inner-column elementor-element elementor-element-d310644\" data-id=\"d310644\" data-element_type=\"column\">\n\t\t\t<div class=\"elementor-widget-wrap elementor-element-populated\">\n\t\t\t\t\t\t\t\t<div class=\"elementor-element elementor-element-630e9ac animated-slow elementor-invisible elementor-widget elementor-widget-text-editor\" data-id=\"630e9ac\" data-element_type=\"widget\" data-settings=\"{&quot;_animation&quot;:&quot;fadeIn&quot;}\" data-widget_type=\"text-editor.default\">\n\t\t\t\t<div class=\"elementor-widget-container\">\n\t\t\t\t\t\t\t<p><span style=\"color: #ffffff; font-family: Lato, sans-serif; font-size: 15px; text-align: center;\">Comment se raconter en prison ?<\/span><br style=\"color: #ffffff; font-family: Lato, sans-serif; font-size: 15px; text-align: center;\" \/><span style=\"color: #ffffff; font-family: Lato, sans-serif; font-size: 15px; text-align: center;\">Que dire ? Comment l&rsquo;\u00e9crire ?\u00a0<\/span><br style=\"color: #ffffff; font-family: Lato, sans-serif; font-size: 15px; text-align: center;\" \/><span style=\"color: #ffffff; font-family: Lato, sans-serif; font-size: 15px; text-align: center;\">Que faire de ce moment hors du temps et si brutalement r\u00e9el ?\u00a0<\/span><br style=\"color: #ffffff; font-family: Lato, sans-serif; font-size: 15px; text-align: center;\" \/><span style=\"color: #ffffff; font-family: Lato, sans-serif; font-size: 15px; text-align: center;\">La prison est une suspension, un silence bruyant dans la vie d&rsquo;un homme.\u00a0<\/span><br style=\"color: #ffffff; font-family: Lato, sans-serif; font-size: 15px; text-align: center;\" \/><span style=\"color: #ffffff; font-family: Lato, sans-serif; font-size: 15px; text-align: center;\">Qui laisse des traces.\u00a0<\/span><br style=\"color: #ffffff; font-family: Lato, sans-serif; font-size: 15px; text-align: center;\" \/><span style=\"color: #ffffff; font-family: Lato, sans-serif; font-size: 15px; text-align: center;\">Qui r\u00e9v\u00e8le des failles.\u00a0<\/span><br style=\"color: #ffffff; font-family: Lato, sans-serif; font-size: 15px; text-align: center;\" \/><span style=\"color: #ffffff; font-family: Lato, sans-serif; font-size: 15px; text-align: center;\">Comment le dire ? Quels mots ?<\/span><br style=\"color: #ffffff; font-family: Lato, sans-serif; font-size: 15px; text-align: center;\" \/><span style=\"color: #ffffff; font-family: Lato, sans-serif; font-size: 15px; text-align: center;\">O\u00f9 se cachent-ils ?\u00a0<\/span><br style=\"color: #ffffff; font-family: Lato, sans-serif; font-size: 15px; text-align: center;\" \/><span style=\"color: #ffffff; font-family: Lato, sans-serif; font-size: 15px; text-align: center;\">Avec mes silences ? Qui s&rsquo;y cache ?\u00a0<\/span><br style=\"color: #ffffff; font-family: Lato, sans-serif; font-size: 15px; text-align: center;\" \/><span style=\"color: #ffffff; font-family: Lato, sans-serif; font-size: 15px; text-align: center;\">Comment appr\u00e9hender le temps qui passe ?\u00a0<\/span><br style=\"color: #ffffff; font-family: Lato, sans-serif; font-size: 15px; text-align: center;\" \/><span style=\"color: #ffffff; font-family: Lato, sans-serif; font-size: 15px; text-align: center;\">Le temps du pr\u00e9sent, celui de l&rsquo;apr\u00e8s ou celui de l&rsquo;avant&#8230;\u00a0<\/span><br style=\"color: #ffffff; font-family: Lato, sans-serif; font-size: 15px; text-align: center;\" \/><span style=\"color: #ffffff; font-family: Lato, sans-serif; font-size: 15px; text-align: center;\">celui de l&rsquo;enfance.<\/span><\/p>\t\t\t\t\t\t<\/div>\n\t\t\t\t<\/div>\n\t\t\t\t\t<\/div>\n\t\t<\/div>\n\t\t\t\t<div class=\"elementor-column elementor-col-50 elementor-inner-column elementor-element elementor-element-d2ba5c0\" data-id=\"d2ba5c0\" data-element_type=\"column\">\n\t\t\t<div class=\"elementor-widget-wrap elementor-element-populated\">\n\t\t\t\t\t\t\t\t<div class=\"elementor-element elementor-element-0ac9c2f animated-slow elementor-invisible elementor-widget elementor-widget-image\" data-id=\"0ac9c2f\" data-element_type=\"widget\" data-settings=\"{&quot;_animation&quot;:&quot;fadeIn&quot;}\" data-widget_type=\"image.default\">\n\t\t\t\t<div class=\"elementor-widget-container\">\n\t\t\t\t\t\t\t\t\t\t\t\t\t\t\t<img loading=\"lazy\" decoding=\"async\" width=\"227\" height=\"300\" src=\"https:\/\/lesfunambules.fr\/wp-content\/uploads\/2021\/01\/quatre-en-cellule-didier-chamizo-2-227x300.jpg\" class=\"attachment-medium size-medium wp-image-952\" alt=\"\" srcset=\"https:\/\/lesfunambules.fr\/wp-content\/uploads\/2021\/01\/quatre-en-cellule-didier-chamizo-2-227x300.jpg 227w, https:\/\/lesfunambules.fr\/wp-content\/uploads\/2021\/01\/quatre-en-cellule-didier-chamizo-2-776x1024.jpg 776w, https:\/\/lesfunambules.fr\/wp-content\/uploads\/2021\/01\/quatre-en-cellule-didier-chamizo-2-768x1013.jpg 768w, https:\/\/lesfunambules.fr\/wp-content\/uploads\/2021\/01\/quatre-en-cellule-didier-chamizo-2-1164x1536.jpg 1164w, https:\/\/lesfunambules.fr\/wp-content\/uploads\/2021\/01\/quatre-en-cellule-didier-chamizo-2-1553x2048.jpg 1553w, https:\/\/lesfunambules.fr\/wp-content\/uploads\/2021\/01\/quatre-en-cellule-didier-chamizo-2-scaled.jpg 1941w\" sizes=\"auto, (max-width: 227px) 100vw, 227px\" \/>\t\t\t\t\t\t\t\t\t\t\t\t\t\t\t<\/div>\n\t\t\t\t<\/div>\n\t\t\t\t<div class=\"elementor-element elementor-element-b10d2f8 animated-slow elementor-invisible elementor-widget elementor-widget-text-editor\" data-id=\"b10d2f8\" data-element_type=\"widget\" data-settings=\"{&quot;_animation&quot;:&quot;fadeIn&quot;}\" data-widget_type=\"text-editor.default\">\n\t\t\t\t<div class=\"elementor-widget-container\">\n\t\t\t\t\t\t\t<p>\u00ab\u00a0Quatre en cellule\u00a0\u00bb &#8211; Didier Chamizo &#8211; 2010<\/p>\t\t\t\t\t\t<\/div>\n\t\t\t\t<\/div>\n\t\t\t\t\t<\/div>\n\t\t<\/div>\n\t\t\t\t\t\t\t<\/div>\n\t\t<\/section>\n\t\t\t\t<div class=\"elementor-element elementor-element-476f0c5 elementor-widget-divider--view-line_text animated-slow elementor-widget-divider--element-align-center elementor-invisible elementor-widget elementor-widget-divider\" data-id=\"476f0c5\" data-element_type=\"widget\" data-settings=\"{&quot;_animation&quot;:&quot;fadeIn&quot;}\" data-widget_type=\"divider.default\">\n\t\t\t\t<div class=\"elementor-widget-container\">\n\t\t\t\t\t<div class=\"elementor-divider\">\n\t\t\t<span class=\"elementor-divider-separator\">\n\t\t\t\t\t\t<\/span>\n\t\t<\/div>\n\t\t\t\t<\/div>\n\t\t\t\t<\/div>\n\t\t\t\t\t<\/div>\n\t\t<\/div>\n\t\t\t\t\t\t\t<\/div>\n\t\t<\/section>\n\t\t\t\t<section class=\"elementor-section elementor-top-section elementor-element elementor-element-dda06a2 elementor-section-boxed elementor-section-height-default elementor-section-height-default\" data-id=\"dda06a2\" data-element_type=\"section\">\n\t\t\t\t\t\t<div class=\"elementor-container elementor-column-gap-default\">\n\t\t\t\t\t<div class=\"elementor-column elementor-col-100 elementor-top-column elementor-element elementor-element-fdecf22\" data-id=\"fdecf22\" data-element_type=\"column\">\n\t\t\t<div class=\"elementor-widget-wrap elementor-element-populated\">\n\t\t\t\t\t\t\t\t<div class=\"elementor-element elementor-element-5ac6682 animated-slow elementor-invisible elementor-widget elementor-widget-text-editor\" data-id=\"5ac6682\" data-element_type=\"widget\" data-settings=\"{&quot;_animation&quot;:&quot;fadeIn&quot;}\" data-widget_type=\"text-editor.default\">\n\t\t\t\t<div class=\"elementor-widget-container\">\n\t\t\t\t\t\t\t<p>Projet d&rsquo;ateliers en maison d&rsquo;arr\u00eat d&rsquo;Albi pour la r\u00e9alisation d&rsquo;un court-m\u00e9trage et d&rsquo;une publication,<br \/>en collaboration avec le service des Mus\u00e9es du D\u00e9partement et le SPIP du Tarn.<\/p>\t\t\t\t\t\t<\/div>\n\t\t\t\t<\/div>\n\t\t\t\t<div class=\"elementor-element elementor-element-bd04dd7 elementor-icon-list--layout-inline elementor-align-center animated-slow elementor-list-item-link-full_width elementor-invisible elementor-widget elementor-widget-icon-list\" data-id=\"bd04dd7\" data-element_type=\"widget\" data-settings=\"{&quot;_animation&quot;:&quot;fadeIn&quot;}\" data-widget_type=\"icon-list.default\">\n\t\t\t\t<div class=\"elementor-widget-container\">\n\t\t\t\t\t<ul class=\"elementor-icon-list-items elementor-inline-items\">\n\t\t\t\t\t\t\t<li class=\"elementor-icon-list-item elementor-inline-item\">\n\t\t\t\t\t\t\t\t\t\t\t<a href=\"https:\/\/lesfunambules.fr\/wp-content\/uploads\/2021\/02\/Le-temps-quil-passe-Projet-culture-justice-21-22.pdf\" target=\"_blank\">\n\n\t\t\t\t\t\t\t\t\t\t\t\t<span class=\"elementor-icon-list-icon\">\n\t\t\t\t\t\t\t<i aria-hidden=\"true\" class=\"far fa-file-pdf\"><\/i>\t\t\t\t\t\t<\/span>\n\t\t\t\t\t\t\t\t\t\t<span class=\"elementor-icon-list-text\">Dossier pr\u00e9sentation \"le temps quil passe\" - Projet Culture-Justice Albi 2021-22<\/span>\n\t\t\t\t\t\t\t\t\t\t\t<\/a>\n\t\t\t\t\t\t\t\t\t<\/li>\n\t\t\t\t\t\t<\/ul>\n\t\t\t\t<\/div>\n\t\t\t\t<\/div>\n\t\t\t\t<div class=\"elementor-element elementor-element-acdc900 animated-slow elementor-invisible elementor-widget elementor-widget-image\" data-id=\"acdc900\" data-element_type=\"widget\" data-settings=\"{&quot;_animation&quot;:&quot;fadeIn&quot;}\" data-widget_type=\"image.default\">\n\t\t\t\t<div class=\"elementor-widget-container\">\n\t\t\t\t\t\t\t\t\t\t\t\t\t\t\t<img loading=\"lazy\" decoding=\"async\" width=\"111\" height=\"300\" src=\"https:\/\/lesfunambules.fr\/wp-content\/uploads\/2021\/01\/sablier-ernest-pignon-111x300.jpg\" class=\"attachment-medium size-medium wp-image-961\" alt=\"\" srcset=\"https:\/\/lesfunambules.fr\/wp-content\/uploads\/2021\/01\/sablier-ernest-pignon-111x300.jpg 111w, https:\/\/lesfunambules.fr\/wp-content\/uploads\/2021\/01\/sablier-ernest-pignon-380x1024.jpg 380w, https:\/\/lesfunambules.fr\/wp-content\/uploads\/2021\/01\/sablier-ernest-pignon-768x2068.jpg 768w, https:\/\/lesfunambules.fr\/wp-content\/uploads\/2021\/01\/sablier-ernest-pignon-570x1536.jpg 570w, https:\/\/lesfunambules.fr\/wp-content\/uploads\/2021\/01\/sablier-ernest-pignon-760x2048.jpg 760w, https:\/\/lesfunambules.fr\/wp-content\/uploads\/2021\/01\/sablier-ernest-pignon-scaled.jpg 951w\" sizes=\"auto, (max-width: 111px) 100vw, 111px\" \/>\t\t\t\t\t\t\t\t\t\t\t\t\t\t\t<\/div>\n\t\t\t\t<\/div>\n\t\t\t\t<div class=\"elementor-element elementor-element-42c0c32 elementor-widget elementor-widget-text-editor\" data-id=\"42c0c32\" data-element_type=\"widget\" data-widget_type=\"text-editor.default\">\n\t\t\t\t<div class=\"elementor-widget-container\">\n\t\t\t\t\t\t\t<p>\u00ab\u00a0Yoyos 20 \u00a0\u00bb &#8211; Ernest Pignon-Ernest &#8211; 2012<\/p>\t\t\t\t\t\t<\/div>\n\t\t\t\t<\/div>\n\t\t\t\t<div class=\"elementor-element elementor-element-5ae5e38 elementor-widget-divider--view-line_text animated-slow elementor-widget-divider--element-align-center elementor-invisible elementor-widget elementor-widget-divider\" data-id=\"5ae5e38\" data-element_type=\"widget\" data-settings=\"{&quot;_animation&quot;:&quot;fadeIn&quot;}\" data-widget_type=\"divider.default\">\n\t\t\t\t<div class=\"elementor-widget-container\">\n\t\t\t\t\t<div class=\"elementor-divider\">\n\t\t\t<span class=\"elementor-divider-separator\">\n\t\t\t\t\t\t<\/span>\n\t\t<\/div>\n\t\t\t\t<\/div>\n\t\t\t\t<\/div>\n\t\t\t\t<div class=\"elementor-element elementor-element-be62473 animated-slow elementor-invisible elementor-widget elementor-widget-image\" data-id=\"be62473\" data-element_type=\"widget\" data-settings=\"{&quot;_animation&quot;:&quot;fadeIn&quot;}\" data-widget_type=\"image.default\">\n\t\t\t\t<div class=\"elementor-widget-container\">\n\t\t\t\t\t\t\t\t\t\t\t\t\t\t\t\t<a href=\"https:\/\/lesfunambules.fr\/\">\n\t\t\t\t\t\t\t<img decoding=\"async\" src=\"https:\/\/lesfunambules.fr\/wp-content\/uploads\/elementor\/thumbs\/Funambules-logo-DEF-embleme-b-1-on51ycwh80wiwq10ynwfn85fg266yk09jakdgwlsz8.png\" title=\"Funambules-logo-DEF-embleme-b\" alt=\"Funambules-logo-DEF-embleme-b\" loading=\"lazy\" \/>\t\t\t\t\t\t\t\t<\/a>\n\t\t\t\t\t\t\t\t\t\t\t\t\t\t\t<\/div>\n\t\t\t\t<\/div>\n\t\t\t\t\t<\/div>\n\t\t<\/div>\n\t\t\t\t\t\t\t<\/div>\n\t\t<\/section>\n\t\t\t\t\t\t\t<\/div>\n\t\t","protected":false},"excerpt":{"rendered":"<p>Accueil Ay Carmela ! L&rsquo;avenir est \u00e0 la campagne Contact &#8230;PROJET REPORT\u00c9&#8230; Comment se raconter en prison ?Que dire ? Comment l&rsquo;\u00e9crire ?\u00a0Que faire de ce moment hors du temps et si brutalement r\u00e9el ?\u00a0La prison est une suspension, un silence bruyant dans la vie d&rsquo;un homme.\u00a0Qui laisse des traces.\u00a0Qui r\u00e9v\u00e8le des failles.\u00a0Comment le dire [&hellip;]<\/p>\n","protected":false},"author":1,"featured_media":0,"parent":0,"menu_order":0,"comment_status":"closed","ping_status":"closed","template":"elementor_canvas","meta":{"footnotes":""},"class_list":["post-915","page","type-page","status-publish","hentry"],"_links":{"self":[{"href":"https:\/\/lesfunambules.fr\/index.php\/wp-json\/wp\/v2\/pages\/915","targetHints":{"allow":["GET"]}}],"collection":[{"href":"https:\/\/lesfunambules.fr\/index.php\/wp-json\/wp\/v2\/pages"}],"about":[{"href":"https:\/\/lesfunambules.fr\/index.php\/wp-json\/wp\/v2\/types\/page"}],"author":[{"embeddable":true,"href":"https:\/\/lesfunambules.fr\/index.php\/wp-json\/wp\/v2\/users\/1"}],"replies":[{"embeddable":true,"href":"https:\/\/lesfunambules.fr\/index.php\/wp-json\/wp\/v2\/comments?post=915"}],"version-history":[{"count":116,"href":"https:\/\/lesfunambules.fr\/index.php\/wp-json\/wp\/v2\/pages\/915\/revisions"}],"predecessor-version":[{"id":1867,"href":"https:\/\/lesfunambules.fr\/index.php\/wp-json\/wp\/v2\/pages\/915\/revisions\/1867"}],"wp:attachment":[{"href":"https:\/\/lesfunambules.fr\/index.php\/wp-json\/wp\/v2\/media?parent=915"}],"curies":[{"name":"wp","href":"https:\/\/api.w.org\/{rel}","templated":true}]}}